{"id":2239,"date":"2024-08-20T17:03:18","date_gmt":"2024-08-20T17:03:18","guid":{"rendered":"https:\/\/cross-browser.org\/sobre-nos\/"},"modified":"2024-10-30T17:42:39","modified_gmt":"2024-10-30T17:42:39","slug":"about-us","status":"publish","type":"page","link":"https:\/\/cross-browser.org\/pt-br\/about-us\/","title":{"rendered":"Sobre n\u00f3s"},"content":{"rendered":"<section class=\"l-section wpb_row us_custom_678f641e has_text_color height_medium\" id=\"section-03\"><div class=\"l-section-h i-cf\"><div class=\"g-cols vc_row via_grid cols_1 laptops-cols_inherit tablets-cols_inherit mobiles-cols_1 valign_top type_default stacking_default\"><div class=\"wpb_column vc_column_container\"><div class=\"vc_column-inner\"><h1 class=\"w-text us_custom_e22d6cb6\"><span class=\"w-text-h\"><span class=\"w-text-value\"><\/span><\/span><\/h1><div class=\"w-separator size_medium\"><\/div><div class=\"wpb_text_column us_custom_f171c759\"><div class=\"wpb_wrapper\"><p>Bem-vindo ao cross-browser.org, seu recurso definitivo para tudo relacionado a navegadores da Web. Se voc\u00ea \u00e9 um usu\u00e1rio casual que deseja aprimorar sua experi\u00eancia de navega\u00e7\u00e3o, um desenvolvedor que busca compara\u00e7\u00f5es detalhadas ou um profissional interessado em navegadores antidetec\u00e7\u00e3o de \u00faltima gera\u00e7\u00e3o, n\u00f3s temos o que voc\u00ea precisa. Nossa equipe de especialistas se dedica a fornecer artigos de alta qualidade, compara\u00e7\u00f5es completas e descri\u00e7\u00f5es detalhadas para ajudar voc\u00ea a navegar com confian\u00e7a no mundo em constante evolu\u00e7\u00e3o dos navegadores.<\/p>\n<\/div><\/div><\/div><\/div><\/div><\/div><\/section><section class=\"l-section wpb_row height_medium\"><div class=\"l-section-h i-cf\"><div class=\"g-cols vc_row via_grid cols_1 laptops-cols_inherit tablets-cols_inherit mobiles-cols_1 valign_top type_default stacking_default\"><div class=\"wpb_column vc_column_container\"><div class=\"vc_column-inner\"><div class=\"w-text us_custom_8b038750 has_text_color\"><span class=\"w-text-h\"><span class=\"w-text-value\">Nossa miss\u00e3o<\/span><\/span><\/div><div class=\"w-separator size_small\"><\/div><div class=\"wpb_text_column\"><div class=\"wpb_wrapper\"><p>No <strong>cross-browser.org<\/strong>, nossa miss\u00e3o \u00e9 capacitar os usu\u00e1rios fornecendo informa\u00e7\u00f5es confi\u00e1veis e orientadas por especialistas sobre navegadores da Web. N\u00f3s nos esfor\u00e7amos para tornar a navega\u00e7\u00e3o mais segura, mais r\u00e1pida e mais personalizada para todos. Oferecendo guias abrangentes, revis\u00f5es honestas e an\u00e1lises detalhadas, pretendemos ser a fonte que voc\u00ea precisa para tudo relacionado a navegadores.<\/p>\n<\/div><\/div><div class=\"w-separator size_medium\"><\/div><div class=\"w-text us_custom_8b038750 has_text_color\"><span class=\"w-text-h\"><span class=\"w-text-value\">Nossa vis\u00e3o<\/span><\/span><\/div><div class=\"w-separator size_small\"><\/div><div class=\"wpb_text_column\"><div class=\"wpb_wrapper\"><p>Imaginamos um mundo em que todos os usu\u00e1rios da Internet possam acessar a Web de forma cont\u00ednua, segura e com as ferramentas que melhor atendam \u00e0s suas necessidades. \u00c0 medida que a tecnologia evolui, o mesmo acontece com as complexidades da navega\u00e7\u00e3o. Nossa vis\u00e3o \u00e9 estar \u00e0 frente dessas mudan\u00e7as, fornecendo insights e recursos oportunos que mant\u00eam voc\u00ea informado e protegido no cen\u00e1rio digital. Nosso objetivo \u00e9 preencher a lacuna entre os usu\u00e1rios e as tecnologias em constante evolu\u00e7\u00e3o que moldam a maneira como vivenciamos a Internet.<\/p>\n<\/div><\/div><\/div><\/div><\/div><\/div><\/section><section class=\"l-section wpb_row height_medium color_alternate\" id=\"section-10\"><div class=\"l-section-h i-cf\"><div class=\"g-cols vc_row via_grid cols_1 laptops-cols_inherit tablets-cols_1 mobiles-cols_1 valign_top type_default stacking_default\" style=\"--gap:30px;\"><div class=\"wpb_column vc_column_container\"><div class=\"vc_column-inner\"><div class=\"w-text us_custom_8b038750 has_text_color\"><span class=\"w-text-h\"><span class=\"w-text-value\">Nossos valores<\/span><\/span><\/div><div class=\"w-separator size_medium\"><\/div><div class=\"g-cols wpb_row via_grid cols_2 laptops-cols_inherit tablets-cols_2 mobiles-cols_1 valign_top type_default stacking_default\" style=\"--gap:0px;\"><div class=\"wpb_column vc_column_container us_custom_76b0018d\"><div class=\"vc_column-inner\"><div class=\"w-iconbox us_custom_141f90b0 iconpos_left style_circle color_secondary align_left\"><div class=\"w-iconbox-icon\" style=\"font-size:1.2rem;\"><i class=\"fas fa-star\"><\/i><\/div><div class=\"w-iconbox-meta\"><h4 class=\"w-iconbox-title\">Especializa\u00e7\u00e3o<\/h4><div class=\"w-iconbox-text\"><p>Acreditamos no poder do conhecimento. Nosso conte\u00fado \u00e9 elaborado por profissionais do setor que s\u00e3o apaixonados por navegadores e seguran\u00e7a na Web.<\/p>\n<\/div><\/div><\/div><\/div><\/div><div class=\"wpb_column vc_column_container us_custom_9804cee5\"><div class=\"vc_column-inner\"><div class=\"w-iconbox us_custom_141f90b0 iconpos_left style_circle color_secondary align_left\"><div class=\"w-iconbox-icon\" style=\"font-size:1.2rem;\"><i class=\"fas fa-drafting-compass\"><\/i><\/div><div class=\"w-iconbox-meta\"><h4 class=\"w-iconbox-title\">Integridade<\/h4><div class=\"w-iconbox-text\"><p>A confian\u00e7a \u00e9 a base do nosso relacionamento com nossos leitores. Fornecemos informa\u00e7\u00f5es imparciais e transparentes nas quais voc\u00ea pode confiar.<\/p>\n<\/div><\/div><\/div><\/div><\/div><div class=\"wpb_column vc_column_container us_custom_10d2f225\"><div class=\"vc_column-inner\"><div class=\"w-iconbox us_custom_141f90b0 iconpos_left style_circle color_secondary align_left\"><div class=\"w-iconbox-icon\" style=\"font-size:1.2rem;\"><i class=\"fas fa-sort-amount-up\"><\/i><\/div><div class=\"w-iconbox-meta\"><h4 class=\"w-iconbox-title\">Inova\u00e7\u00e3o<\/h4><div class=\"w-iconbox-text\"><p>O mundo dos navegadores da Web est\u00e1 em constante mudan\u00e7a. N\u00f3s aceitamos essas mudan\u00e7as, atualizando continuamente nosso conte\u00fado para refletir as \u00faltimas tend\u00eancias e tecnologias.<\/p>\n<\/div><\/div><\/div><\/div><\/div><div class=\"wpb_column vc_column_container us_custom_27b525cb\"><div class=\"vc_column-inner\"><div class=\"w-iconbox iconpos_left style_circle color_secondary align_left\"><div class=\"w-iconbox-icon\" style=\"font-size:1.2rem;\"><i class=\"fas fa-users\"><\/i><\/div><div class=\"w-iconbox-meta\"><h4 class=\"w-iconbox-title\">Comunidade<\/h4><div class=\"w-iconbox-text\"><p>Valorizamos nossos leitores e suas opini\u00f5es. Temos o compromisso de promover uma comunidade onde o conhecimento \u00e9 compartilhado, as perguntas s\u00e3o respondidas e todos se sentem capacitados para tomar decis\u00f5es informadas.<\/p>\n<\/div><\/div><\/div><\/div><\/div><\/div><div class=\"w-separator size_large\"><\/div><div class=\"wpb_text_column us_custom_64c16c53\"><div class=\"wpb_wrapper\"><p style=\"text-align: center;\"><em>Junte-se a n\u00f3s em nossa jornada para tornar a Web um lugar melhor para todos. Explore, aprenda e assuma o controle de sua experi\u00eancia de navega\u00e7\u00e3o com o <strong>cross-browser.org<\/strong>. <\/em><\/p>\n<\/div><\/div><\/div><\/div><\/div><\/div><\/section>\n","protected":false},"excerpt":{"rendered":"Bem-vindo ao cross-browser.org, seu recurso definitivo para tudo relacionado a navegadores da Web. Se voc\u00ea \u00e9 um usu\u00e1rio casual que deseja aprimorar sua experi\u00eancia de navega\u00e7\u00e3o, um desenvolvedor que busca compara\u00e7\u00f5es detalhadas ou um profissional interessado em navegadores antidetec\u00e7\u00e3o de \u00faltima gera\u00e7\u00e3o, n\u00f3s temos o que voc\u00ea precisa. Nossa equipe de especialistas se dedica a...","protected":false},"author":3,"featured_media":0,"parent":0,"menu_order":0,"comment_status":"closed","ping_status":"closed","template":"","meta":{"_acf_changed":false,"footnotes":""},"class_list":["post-2239","page","type-page","status-publish","hentry"],"acf":[],"_links":{"self":[{"href":"https:\/\/cross-browser.org\/pt-br\/wp-json\/wp\/v2\/pages\/2239"}],"collection":[{"href":"https:\/\/cross-browser.org\/pt-br\/wp-json\/wp\/v2\/pages"}],"about":[{"href":"https:\/\/cross-browser.org\/pt-br\/wp-json\/wp\/v2\/types\/page"}],"author":[{"embeddable":true,"href":"https:\/\/cross-browser.org\/pt-br\/wp-json\/wp\/v2\/users\/3"}],"replies":[{"embeddable":true,"href":"https:\/\/cross-browser.org\/pt-br\/wp-json\/wp\/v2\/comments?post=2239"}],"version-history":[{"count":2,"href":"https:\/\/cross-browser.org\/pt-br\/wp-json\/wp\/v2\/pages\/2239\/revisions"}],"predecessor-version":[{"id":2241,"href":"https:\/\/cross-browser.org\/pt-br\/wp-json\/wp\/v2\/pages\/2239\/revisions\/2241"}],"wp:attachment":[{"href":"https:\/\/cross-browser.org\/pt-br\/wp-json\/wp\/v2\/media?parent=2239"}],"curies":[{"name":"wp","href":"https:\/\/api.w.org\/{rel}","templated":true}]}}