{"id":2236,"date":"2024-02-09T12:43:06","date_gmt":"2024-02-09T12:43:06","guid":{"rendered":"https:\/\/cross-browser.org\/contato\/"},"modified":"2024-10-30T17:41:12","modified_gmt":"2024-10-30T17:41:12","slug":"contato","status":"publish","type":"page","link":"https:\/\/cross-browser.org\/pt-br\/contato\/","title":{"rendered":"Contato"},"content":{"rendered":"<section class=\"l-section wpb_row height_medium\" id=\"section-03\"><div class=\"l-section-h i-cf\"><div class=\"g-cols vc_row via_grid cols_1 laptops-cols_inherit tablets-cols_inherit mobiles-cols_1 valign_top type_default stacking_default\"><div class=\"wpb_column vc_column_container\"><div class=\"vc_column-inner\"><h1 class=\"w-text us_custom_e22d6cb6\"><span class=\"w-text-h\"><span class=\"w-text-value\">Entre em contato conosco<\/span><\/span><\/h1><div class=\"w-separator size_medium\"><\/div><div class=\"wpb_text_column us_custom_2e9da019\"><div class=\"wpb_wrapper\"><p style=\"text-align: center;\">Se voc\u00ea tiver d\u00favidas, coment\u00e1rios ou apenas quiser dizer ol\u00e1, adorar\u00edamos ouvir voc\u00ea. Suas opini\u00f5es s\u00e3o importantes para n\u00f3s e temos o compromisso de oferecer a voc\u00ea a melhor experi\u00eancia poss\u00edvel. <\/p>\n<\/div><\/div><div class=\"w-separator size_medium\"><\/div><form class=\"w-form  us_custom_9cc55858 layout_ver for_cform us_form_1\" autocomplete=\"off\" action=\"https:\/\/cross-browser.org\/pt-br\/wp-json\/wp\/v2\/pages\/2236\" method=\"post\"><div class=\"w-form-h\"><div class=\"w-form-row for_text cols_2\">\r\n\t\t<div class=\"w-form-row-field\">\r\n\t\t\t\t\t\t<input aria-label=\"Nome\" type=\"text\" name=\"us_form_1_text_1\" value placeholder=\"Nome\"\/>\r\n\t\t\t<\/div>\r\n\t\t<div class=\"w-form-row-state\">Preencha esse campo<\/div>\r\n<\/div>\r\n<div class=\"w-form-row for_email required cols_2\">\r\n\t\t<div class=\"w-form-row-field\">\r\n\t\t\t\t\t\t<input aria-label=\"E-mail\" type=\"email\" name=\"us_form_1_email_1\" value placeholder=\"E-mail *\" data-required=\"true\" aria-required=\"true\"\/>\r\n\t\t\t<\/div>\r\n\t\t<div class=\"w-form-row-state\">Digite um endere\u00e7o de e-mail v\u00e1lido.<\/div>\r\n<\/div>\r\n<div class=\"w-form-row for_textarea\">\r\n\t\t<div class=\"w-form-row-field\">\r\n\t\t\t\t\t\t<textarea aria-label=\"Seus coment\u00e1rios\" name=\"us_form_1_textarea_1\" placeholder=\"Seus coment\u00e1rios\"><\/textarea>\r\n\t\t\t<\/div>\r\n\t\t<div class=\"w-form-row-state\">Preencha esse campo<\/div>\r\n<\/div>\r\n<div class=\"w-form-row for_captcha required\">\r\n\t<div class=\"w-form-row-label\">\r\n\t\t<span> <span>20 + 11 = ?<\/span><\/span>\r\n\t<\/div>\r\n\t<div class=\"w-form-row-field\">\r\n\t\t\t\t<input type=\"hidden\" name=\"us_form_1_captcha_1_hash\" value=\"16ebebc1ed72d540e01eb929e9dd364d\" \/>\r\n\t\t\t\t<input aria-label=\"us_form_1_captcha_1\" type=\"text\" name=\"us_form_1_captcha_1\" placeholder data-required=\"true\" aria-required=\"true\"\/>\r\n\t\t\t<\/div>\r\n\t\t<div class=\"w-form-row-state\">Resolva a equa\u00e7\u00e3o para continuar<\/div>\r\n<\/div>\r\n<input type=\"hidden\" name=\"action\" value=\"us_ajax_cform\" \/>\r\n<input type=\"hidden\" name=\"post_id\" value=\"0\" \/>\r\n<input type=\"hidden\" name=\"form_index\" value=\"1\" \/>\r\n<div class=\"w-form-row for_submit align_justify\">\r\n\t<button class=\"w-btn  us-btn-style_1\" aria-label=\"Enviar\" type=\"submit\">\r\n\t\t<span class=\"g-preloader type_1\"><\/span>\r\n\t\t\t\t<span class=\"w-btn-label\">Enviar<\/span>\r\n\t\t\t<\/button>\r\n\t<\/div>\r\n<\/div><div class=\"w-form-message\"><\/div><div class=\"w-form-json hidden\" onclick='return {&quot;ajaxurl&quot;:&quot;https:\\\/\\\/cross-browser.org\\\/wp-admin\\\/admin-ajax.php&quot;,&quot;messages&quot;:{&quot;err_empty&quot;:&quot;Preencha esse campo&quot;,&quot;err_size&quot;:&quot;O tamanho do arquivo n\\u00e3o pode exceder %s MB&quot;,&quot;err_extension&quot;:&quot;O tipo de arquivo %s n\\u00e3o \\u00e9 permitido&quot;}}'><\/div><\/form><\/div><\/div><\/div><\/div><\/section>\n","protected":false},"excerpt":{"rendered":"Entre em contato conoscoSe voc\u00ea tiver d\u00favidas, coment\u00e1rios ou apenas quiser dizer ol\u00e1, adorar\u00edamos ouvir voc\u00ea. Suas opini\u00f5es s\u00e3o importantes para n\u00f3s e temos o compromisso de oferecer a voc\u00ea a melhor experi\u00eancia poss\u00edvel. Preencha esse campo Digite um endere\u00e7o de e-mail v\u00e1lido. Preencha esse campo 18 - 7 = ? Resolva a equa\u00e7\u00e3o para...","protected":false},"author":1,"featured_media":0,"parent":0,"menu_order":0,"comment_status":"closed","ping_status":"closed","template":"","meta":{"_acf_changed":false,"footnotes":""},"class_list":["post-2236","page","type-page","status-publish","hentry"],"acf":[],"_links":{"self":[{"href":"https:\/\/cross-browser.org\/pt-br\/wp-json\/wp\/v2\/pages\/2236"}],"collection":[{"href":"https:\/\/cross-browser.org\/pt-br\/wp-json\/wp\/v2\/pages"}],"about":[{"href":"https:\/\/cross-browser.org\/pt-br\/wp-json\/wp\/v2\/types\/page"}],"author":[{"embeddable":true,"href":"https:\/\/cross-browser.org\/pt-br\/wp-json\/wp\/v2\/users\/1"}],"replies":[{"embeddable":true,"href":"https:\/\/cross-browser.org\/pt-br\/wp-json\/wp\/v2\/comments?post=2236"}],"version-history":[{"count":2,"href":"https:\/\/cross-browser.org\/pt-br\/wp-json\/wp\/v2\/pages\/2236\/revisions"}],"predecessor-version":[{"id":2238,"href":"https:\/\/cross-browser.org\/pt-br\/wp-json\/wp\/v2\/pages\/2236\/revisions\/2238"}],"wp:attachment":[{"href":"https:\/\/cross-browser.org\/pt-br\/wp-json\/wp\/v2\/media?parent=2236"}],"curies":[{"name":"wp","href":"https:\/\/api.w.org\/{rel}","templated":true}]}}